{"id":65,"date":"2013-10-21T07:37:06","date_gmt":"2013-10-21T11:37:06","guid":{"rendered":"http:\/\/wcef-fscw.ca\/?page_id=65"},"modified":"2023-11-17T09:38:36","modified_gmt":"2023-11-17T14:38:36","slug":"donate-now","status":"publish","type":"page","link":"https:\/\/wcef-fscw.ca\/fr\/faites-un-don\/","title":{"rendered":"Faites un don"},"content":{"rendered":"<p><\/p>\n<h2>Statut de bienfaisance :<\/h2>\n<p>Le Fonds de secours de la communaut\u00e9 de Wakefield (FSCW) a un statut officiel d&rsquo;organisme de bienfaisance de l&rsquo;Agence du revenue du Canada. Numero d&rsquo;enregistrement:\u00a0 83723 8179 RR0001<br \/>\nApporter de l&rsquo;espoir et du soulagement aux familles locales en situation d&rsquo;urgence dans la Communaut\u00e9 de Wakefield. Avec moins de 1 % de frais administratifs votre don va directement \u00e0 la source du besoin et fait une diff\u00e9rence r\u00e9elle dans la vie de quelqu&rsquo;un.<\/p>\n<p><script id=\"ch_cdn_embed\" type=\"text\/javascript\" src=\"https:\/\/www.canadahelps.org\/secure\/js\/cdf_embed.2.js\" charSet=\"utf-8\" data-language=\"fr\" data-page-id=\"94967\" data-root-url=\"https:\/\/www.canadahelps.org\" data-formtype=\"0\" data-cfasync=\"false\"><\/script><\/p>\n<h2>Les dons non sollicit\u00e9s<\/h2>\n<p>\u00cates-vous organisez une f\u00eate ou un \u00e9v\u00e9nement et que vous souhaitez profiter de l&rsquo;occasion pour amasser des fonds pour le\u00a0\u00a0FSCW?\u00a0<a href=\"\/fr\/contactez-nous\/\">Contactez-nous<\/a>\u00a0et nous pouvons vous fournir des brochures d&rsquo;information et affiches sur\u00a0le FSCW\u00a0pour votre \u00e9v\u00e9nement.<\/p>","protected":false},"excerpt":{"rendered":"<p>Faire un don au Fonds de secours de la communaut\u00e9 de Wakefield.<\/p>\n","protected":false},"author":1,"featured_media":0,"parent":0,"menu_order":0,"comment_status":"open","ping_status":"open","template":"","meta":{"footnotes":""},"class_list":["post-65","page","type-page","status-publish","czr-hentry"],"_links":{"self":[{"href":"https:\/\/wcef-fscw.ca\/fr\/wp-json\/wp\/v2\/pages\/65","targetHints":{"allow":["GET"]}}],"collection":[{"href":"https:\/\/wcef-fscw.ca\/fr\/wp-json\/wp\/v2\/pages"}],"about":[{"href":"https:\/\/wcef-fscw.ca\/fr\/wp-json\/wp\/v2\/types\/page"}],"author":[{"embeddable":true,"href":"https:\/\/wcef-fscw.ca\/fr\/wp-json\/wp\/v2\/users\/1"}],"replies":[{"embeddable":true,"href":"https:\/\/wcef-fscw.ca\/fr\/wp-json\/wp\/v2\/comments?post=65"}],"version-history":[{"count":0,"href":"https:\/\/wcef-fscw.ca\/fr\/wp-json\/wp\/v2\/pages\/65\/revisions"}],"wp:attachment":[{"href":"https:\/\/wcef-fscw.ca\/fr\/wp-json\/wp\/v2\/media?parent=65"}],"curies":[{"name":"wp","href":"https:\/\/api.w.org\/{rel}","templated":true}]}}