{"id":53,"date":"2013-10-20T18:34:53","date_gmt":"2013-10-20T18:34:53","guid":{"rendered":"http:\/\/wcef-fscw.ca\/?page_id=53"},"modified":"2023-11-17T09:45:26","modified_gmt":"2023-11-17T14:45:26","slug":"how-to-apply","status":"publish","type":"page","link":"https:\/\/wcef-fscw.ca\/fr\/comment-faire-une-demande\/","title":{"rendered":"Comment faire une demande"},"content":{"rendered":"<p><\/p>\n<div class=\"col-md-9 offset-md-2 alert alert-info\">\n<p><strong>Si vous, ou quelqu\u2019un que vous connaissez, pourrait b\u00e9n\u00e9ficier du FSCW, s&rsquo;il vous pla\u00eet nous\u00a0<a href=\"\/fr\/contactez-nous\/\">contacter<\/a>.<\/strong><\/p>\n<\/div>\n<p>En fonction de l&rsquo;urgence de la situation, un formulaire de demande est d\u00fbment rempli et deux membres du Conseil se rencontrent face \u00e0 face avec la personne ou famille dans le besoin afin de discuter de la situation et comment le FSCW peut aider. Tous les renseignements fournis au FSCW demeurent strictement confidentiels et ne sont pas remis en libert\u00e9 sans le consentement du demandeur.<\/p>\n<h2>Crit\u00e8res d&rsquo;admissibilit\u00e9<\/h2>\n<ul>\n<li>r\u00e9sidents permanents de la communaut\u00e9 locale (minimum 6 mois)<\/li>\n<li>les personnes ou les familles qui sont pauvres, de faibles revenus, ou dans le besoin faisant face \u00e0 une situation d&rsquo;urgence hors de leur contr\u00f4le<\/li>\n<li>la situation devrait \u00eatre de courte dur\u00e9e ou de nature temporaire<\/li>\n<li>les activit\u00e9s peuvent \u00eatre affect\u00e9es dans le court terme<\/li>\n<li>les activit\u00e9s propos\u00e9es permettront de stabiliser la situation<\/li>\n<li>une urgence, au-del\u00e0 du contr\u00f4le de la personne (s) est d\u00e9finie comme : une soudaine crise impr\u00e9vue qui n\u00e9cessite une action imm\u00e9diate<\/li>\n<li>une crise est d\u00e9finie comme: une \u00e9tape cruciale ou un tournant dans le cours de quelque chose<\/li>\n<li>ou bien des situations, jug\u00e9es par les membres du Conseil pour \u00eatre admissibles au titre de ce fonds.<\/li>\n<\/ul>\n<p>Exemples quand le FSCW fournit une aide pour des n\u00e9cessit\u00e9s de base de la vie :<\/p>\n<ul>\n<li>frais m\u00e9dicaux impr\u00e9vus qui d\u00e9passent les dispositions d&rsquo;assurance m\u00e9dicales r\u00e9sultant en difficult\u00e9s financi\u00e8res.<\/li>\n<li>sinistre non assur\u00e9 suite \u00e0 un incendie qui se traduit par des difficult\u00e9s financi\u00e8res.<\/li>\n<li>retard dans la r\u00e9ception de prestations d&rsquo;assurance.<\/li>\n<\/ul>\n<h2>Nous ne pouvons financer\u00a0:<\/h2>\n<ul>\n<li>besoins \u00e0 long terme<\/li>\n<li>les services qui sont couverts par un autre programme<\/li>\n<li>lorsque les personne sont, selon l&rsquo;information fournie au Conseil, \u00e9valu\u00e9 comme ayant les moyens de financer la situation d&rsquo;urgence sans difficult\u00e9<\/li>\n<li>les situations dont le Conseil estime, apr\u00e8s examen des renseignements fournis, ne r\u00e9pondent pas aux crit\u00e8res d&rsquo;admissibilit\u00e9.<\/li>\n<\/ul>\n<h2>Examen<\/h2>\n<div>Un conseil de quatre \u00e0 cinq membres, examinera la demande et rendra une d\u00e9cision dans les deux semaines, ou plus t\u00f4t, selon les circonstances. Le demandeur sera ensuite avis\u00e9 de la d\u00e9cision du Conseil. Toutes les demandes seront tenues confidentielles. Approbation d&rsquo;une demande peut \u00eatre partiellement ou int\u00e9gralement\u00a0support\u00e9e en fonction de la situation. Les b\u00e9n\u00e9ficiaires ne sont pas tenus de rembourser l&rsquo;aide, mais cela peu \u00eatre n\u00e9cessaire dans certaines circonstances, comme en attente de paiement d&rsquo;assurance ou, si ces personnes par leur propre initiative, souhaitent rembourser tout ou partie l&rsquo;aide re\u00e7ue du FSCW. Toute utilisation par le FSCW des renseignements personnels du b\u00e9n\u00e9ficiaire devra \u00eatre approuv\u00e9e au pr\u00e9alable par le b\u00e9n\u00e9ficiaire.<\/div>\n<h2>Lignes directrices pour la prise de d\u00e9cision<\/h2>\n<div>Malheureusement, des crises et des urgences se produisent sur une base r\u00e9guli\u00e8re dans la Communaut\u00e9. Le FSCW ne peut pas toutes les aider. Les appels au FSCW sont r\u00e9serv\u00e9s aux urgences majeures qui ne peuvent pas \u00eatre trait\u00e9es par les m\u00e9canismes habituels, et o\u00f9 le FSCW est en mesure de r\u00e9pondre rapidement et efficacement. Les membres du FSCW doivent \u00eatre en mesure de faire une diff\u00e9rence et d&rsquo;\u00eatre confiants qu&rsquo;ils peuvent d\u00e9penser les dons du public de mani\u00e8re efficace. En \u00e9valuant une demande, les membres du conseil d&rsquo;administration \u00e9valuent les informations pertinentes, ce qui leur permet de d\u00e9terminer le niveau probable et l&rsquo;efficacit\u00e9 de toute intervention. Chaque b\u00e9n\u00e9ficiaire recevra l&rsquo;aide n\u00e9cessaire pour fournir une assistance dans la situation d&rsquo;urgence dans la mesure o\u00f9 le Fonds peut contribuer. D&rsquo;o\u00f9 l&rsquo;importance de cr\u00e9er un fonds durable et bien soutenu.<\/div>\n<h2>Principes directeurs<\/h2>\n<div>\n<p>Deux principes ont \u00e9t\u00e9 adopt\u00e9s pour fournir une ligne directrice aux membres du conseil afin de d\u00e9cider si le financement du FSCW est la r\u00e9ponse appropri\u00e9e \u00e0 une situation d&rsquo;urgence particuli\u00e8re:<\/p>\n<ul>\n<li>La situation d&rsquo;urgence doit \u00eatre d&rsquo;une telle ampleur et urgence \u00e0 exiger une aide rapide.<\/li>\n<li>Le FSCW doit \u00eatre en mesure de fournir efficacement et rapidement une aide.<\/li>\n<\/ul>\n<\/div>\n<h2>Co\u00fbts administratifs<\/h2>\n<p>Les frais administratifs du FSCW sont maintenus \u00e0 un minimum. Grace \u00e0 l&rsquo;aide de nombreux b\u00e9n\u00e9voles, moins de 1 % des fonds sont utilis\u00e9s pour payer les frais administratifs, tels les frais bancaires, timbres, ainsi que certaines impressions.<\/p>","protected":false},"excerpt":{"rendered":"<p>Information sur comment faire une demande et les crit\u00e8res d\u2019admissibilit\u00e9.<\/p>\n","protected":false},"author":1,"featured_media":0,"parent":0,"menu_order":0,"comment_status":"open","ping_status":"open","template":"","meta":{"footnotes":""},"class_list":["post-53","page","type-page","status-publish","czr-hentry"],"_links":{"self":[{"href":"https:\/\/wcef-fscw.ca\/fr\/wp-json\/wp\/v2\/pages\/53","targetHints":{"allow":["GET"]}}],"collection":[{"href":"https:\/\/wcef-fscw.ca\/fr\/wp-json\/wp\/v2\/pages"}],"about":[{"href":"https:\/\/wcef-fscw.ca\/fr\/wp-json\/wp\/v2\/types\/page"}],"author":[{"embeddable":true,"href":"https:\/\/wcef-fscw.ca\/fr\/wp-json\/wp\/v2\/users\/1"}],"replies":[{"embeddable":true,"href":"https:\/\/wcef-fscw.ca\/fr\/wp-json\/wp\/v2\/comments?post=53"}],"version-history":[{"count":0,"href":"https:\/\/wcef-fscw.ca\/fr\/wp-json\/wp\/v2\/pages\/53\/revisions"}],"wp:attachment":[{"href":"https:\/\/wcef-fscw.ca\/fr\/wp-json\/wp\/v2\/media?parent=53"}],"curies":[{"name":"wp","href":"https:\/\/api.w.org\/{rel}","templated":true}]}}