{"id":48,"date":"2013-10-20T18:30:16","date_gmt":"2013-10-20T18:30:16","guid":{"rendered":"http:\/\/wcef-fscw.ca\/?page_id=48"},"modified":"2023-11-30T10:08:13","modified_gmt":"2023-11-30T15:08:13","slug":"events","status":"publish","type":"page","link":"https:\/\/wcef-fscw.ca\/fr\/evenements\/","title":{"rendered":"\u00c9v\u00e9nements"},"content":{"rendered":"<p><\/p>\n<div class=\"col-md-3 float-right my-3\"><a class=\"btn btn-danger btn-lg active\" role=\"button\" href=\"\/fr\/faites-un-don\/\" aria-pressed=\"true\">Faites un don !<\/a><\/div>\n<p>Pour que le Fonds de secours de la communaut\u00e9 de Wakefield (FSCW) soit en mesure de fournir un secours imm\u00e9diat aux familles dans le besoin, nous devons sans cesse reconstituer le Fonds. Le FSCW sollicite le soutien de la communaut\u00e9 via des \u00e9v\u00e9nements annuels de lever de fonds et des dons non-sollicit\u00e9s.<\/p>\n<h2>Planification d&rsquo;\u00e9v\u00e9nement<\/h2>\n<ul>\n<li>En cas de besoins financiers importants, la communaut\u00e9 doit \u00eatre suffisamment sensibilis\u00e9\u00a0\u00e0 la situation d&rsquo;urgence afin de donner motifs raisonnables et conclure que l\u2019\u00e9v\u00e9nement sera un succ\u00e8s.<\/li>\n<li>Le Conseil tiendra d\u00fbment compte des affiliations avec d&rsquo;autres associations ou des \u00e9v\u00e9nements de groupe pour assurer que les objectifs et les r\u00e9sultats sont dans l&rsquo;int\u00e9r\u00eat du FSCW.<\/li>\n<\/ul>\n<p><a title=\"Le FSCW sur Facebook\" href=\"https:\/\/www.facebook.com\/wcef.fscw\">Restez \u00e0 l&rsquo;\u00e9coute<\/a> pour les affiches de ces \u00e9v\u00e9nements annuels et comment vous pouvez aider.<\/p>","protected":false},"excerpt":{"rendered":"<p>Information concernant les \u00e9v\u00e9nements de lever de fonds pour le Fonds de secours de la communaut\u00e9 de Wakefield.<\/p>\n","protected":false},"author":1,"featured_media":0,"parent":0,"menu_order":0,"comment_status":"open","ping_status":"open","template":"","meta":{"footnotes":""},"class_list":["post-48","page","type-page","status-publish","czr-hentry"],"_links":{"self":[{"href":"https:\/\/wcef-fscw.ca\/fr\/wp-json\/wp\/v2\/pages\/48","targetHints":{"allow":["GET"]}}],"collection":[{"href":"https:\/\/wcef-fscw.ca\/fr\/wp-json\/wp\/v2\/pages"}],"about":[{"href":"https:\/\/wcef-fscw.ca\/fr\/wp-json\/wp\/v2\/types\/page"}],"author":[{"embeddable":true,"href":"https:\/\/wcef-fscw.ca\/fr\/wp-json\/wp\/v2\/users\/1"}],"replies":[{"embeddable":true,"href":"https:\/\/wcef-fscw.ca\/fr\/wp-json\/wp\/v2\/comments?post=48"}],"version-history":[{"count":2,"href":"https:\/\/wcef-fscw.ca\/fr\/wp-json\/wp\/v2\/pages\/48\/revisions"}],"predecessor-version":[{"id":687,"href":"https:\/\/wcef-fscw.ca\/fr\/wp-json\/wp\/v2\/pages\/48\/revisions\/687"}],"wp:attachment":[{"href":"https:\/\/wcef-fscw.ca\/fr\/wp-json\/wp\/v2\/media?parent=48"}],"curies":[{"name":"wp","href":"https:\/\/api.w.org\/{rel}","templated":true}]}}