{"id":234,"date":"2017-10-17T06:59:28","date_gmt":"2017-10-17T10:59:28","guid":{"rendered":"http:\/\/wcef-fscw.ca\/?page_id=234"},"modified":"2026-01-26T09:00:05","modified_gmt":"2026-01-26T14:00:05","slug":"how-it-works","status":"publish","type":"page","link":"https:\/\/wcef-fscw.ca\/fr\/comment-ca-marche\/","title":{"rendered":"Comment \u00e7a marche"},"content":{"rendered":"<p><\/p>\n<div class=\"col-md-3 float-right my-3\"><a class=\"btn btn-danger btn-lg active\" role=\"button\" href=\"\/fr\/faites-un-don\/\" aria-pressed=\"true\">Faites un don !<\/a><\/div>\n<p>Le Fonds de secours de la communaut\u00e9 de Wakefield (FSCW) a un <strong>statut officiel d\u2019organisme de bienfaisance<\/strong>\u00a0de l\u2019Agence du revenue du Canada. Num\u00e9ro d\u2019enregistrement:\u00a0 83723\u00a08179\u00a0RR0001.<\/p>\n<p><strong>Apporter de l\u2019espoir et du soulagement aux familles locales<\/strong>\u00a0en situation d\u2019urgence dans la Communaut\u00e9 de Wakefield.<\/p>\n<p><strong>Avec moins de 1 % de frais administratifs<\/strong>\u00a0votre don va directement \u00e0 la source du besoin et fait une diff\u00e9rence r\u00e9elle dans la vie de quelqu\u2019un.<\/p>\n<h2>Comment nous aidons<\/h2>\n<div class=\"card-deck\">\n<div class=\"card col-md-4 col-sm-4 wcef-goal\">\n<div class=\"card-body\">\n<h3 class=\"card-title text-white\">But<\/h3>\n<p class=\"card-text\">Le FSCW soulage la pauvret\u00e9 en fournissant des n\u00e9cessit\u00e9s de base de la vie, y compris la nourriture, l\u2019eau potable, les v\u00eatements, et\/ou un abri aux personnes ou aux familles qui sont pauvres, \u00e0 faible revenu, ou dans le besoin, faisant face \u00e0 une situation d\u2019urgence hors de leur contr\u00f4le.<\/p>\n<\/div>\n<\/div>\n<div class=\"card col-md-4 col-sm-4 wcef-mission\">\n<div class=\"card-body\">\n<h3 class=\"card-title text-white\">Mission<\/h3>\n<p class=\"card-text\">Notre mission est d\u2019all\u00e9ger le fardeau de ceux qui en ont besoin en mobilisant la puissance du don de la communaut\u00e9 locale.<\/p>\n<\/div>\n<\/div>\n<div class=\"card col-md-4 col-sm-4 wcef-values\">\n<div class=\"card-body\">\n<h3 class=\"card-title text-white\">Valeurs<\/h3>\n<ul class=\"ml-n4\">\n<li>Le respect, la dignit\u00e9 et avoir soins des uns et des autres \u00e0 l\u2019int\u00e9rieur et \u00e0 l\u2019ext\u00e9rieur du FSCW<\/li>\n<li>Int\u00e9grit\u00e9, responsabilit\u00e9, efficacit\u00e9<\/li>\n<li>\u00c9quit\u00e9,\u00a0anonymat, compassion, et non-jugement<\/li>\n<\/ul>\n<\/div>\n<\/div>\n<\/div>\n<div class=\"clearfix\"><\/div>\n<h3 class=\"wide-top-margin\">Retrospective des derni\u00e8res ann\u00e9es<\/h3>\n<details open=\"\">\n<summary class=\"h4\">Un coup d&rsquo;\u0153il sur 2025<\/summary>\n<p>Alors que nous disons au revoir \u00e0 2025 et accueillons 2026, nous, au Fond de secours de la communaut\u00e9 de Wakefield, aimerions partager avec vous quelques chiffres concernant nos programmes et l&rsquo;aide financi\u00e8re que nous avons pu apporter \u00e0 notre communaut\u00e9 au cours de l&rsquo;ann\u00e9e \u00e9coul\u00e9e.<\/p>\n<p>C&rsquo;est gr\u00e2ce \u00e0 vous tous, aux particuliers, aux entreprises, aux collecteurs de fonds et \u00e0 tous ceux qui nous ont soutenus au cours de l&rsquo;ann\u00e9e \u00e9coul\u00e9e \u00e0 tous les niveaux, que nous sommes en mesure d\u2019effectuer notre travail. Nous sommes \u00e9ternellement reconnaissants de la confiance que la communaut\u00e9 accorde \u00e0 notre organisme. Merci, merci !<\/p>\n<h5>Programmes d&rsquo;hiver :<\/h5>\n<p>Nous avons de nombreux partenaires pour ces programmes et nous tenons \u00e0 souligner l&rsquo;importance de nos partenaires qui garantissent le succ\u00e8s et nous aident \u00e0 atteindre nos objectifs, \u00e0 savoir venir en aide aux familles qui ont besoin d&rsquo;un petit coup de pouce pendant la p\u00e9riode charg\u00e9e des f\u00eates. Une fois de plus, nous sommes extr\u00eamement reconnaissants de ce soutien.<\/p>\n<p>Nous sommes partenaires du <em>Low Down to Hull and Back<\/em> depuis 2011. Ils nous aident de nombreuses fa\u00e7ons en r\u00e9digeant des articles sur les activit\u00e9s du FSCW, en l&rsquo;affiche utilis\u00e9e pour la Montagne de jouets, en faisant la promotion de notre organisation dans leur excellent journal, en aidant \u00e0 trier les jouets et, en gros, en faisant tout ce qui est n\u00e9cessaire.<\/p>\n<p>Notre magasin local Tigre g\u00e9ant joue \u00e9galement un r\u00f4le important dans le cadre des initiatives des Habits de neige et la Montagne de jouets. Nous leur fournissons notre liste des besoins en habits de neige et ils s&rsquo;assurent que nous avons tout ce dont nous avons besoin et nous offrent \u00e9galement une r\u00e9duction sur l&rsquo;achat final. Ils participent \u00e9galement \u00e0 la Montagne de jouets avec l\u2019Arbre des anges et offrent une r\u00e9duction de 20 % sur tous les jouets achet\u00e9s pour la Montagne.<\/p>\n<p>Le Magasin g\u00e9n\u00e9ral de Wakefield (MGW) nous apporte son soutien depuis plus de 12 ans gr\u00e2ce \u00e0 sa campagne de cartes de points de No\u00ebl. Cette initiative permet aux clients du magasin g\u00e9n\u00e9ral de donner leurs points au FSCW et le il s&rsquo;engage \u00e0 verser une somme \u00e9quivalente pouvant aller jusqu&rsquo;\u00e0 2 500 $. Depuis sa cr\u00e9ation, le MGW a fait don de plus de 30 000 $ pour l&rsquo;achat de produits alimentaires et a aid\u00e9 \u00e0 collecter 50 000 $ suppl\u00e9mentaires gr\u00e2ce \u00e0 l&rsquo;aide de ses formidables clients. Gr\u00e2ce \u00e0 tous ces dons de la communaut\u00e9 et \u00e0 celui du MGW, le FSCW peut fournir tout au long de l&rsquo;ann\u00e9e des cartes en valeur mon\u00e9taire permettant d&rsquo;acheter des produits frais et toutes les commodit\u00e9s (\u00e0 l&rsquo;exception de l&rsquo;alcool et des cigarettes).<\/p>\n<p>Nous travaillons \u00e9galement avec le MGW pour pr\u00e9parer et livrer des bo\u00eetes alimentaires nutritives qui contiennent tout le n\u00e9cessaire pour un copieux repas de No\u00ebl et bien plus encore. Nous tenons \u00e9galement \u00e0 remercier Apiverte qui fournit r\u00e9guli\u00e8rement de d\u00e9licieux pots de miel local frais \u00e0 inclure dans les paniers de No\u00ebl.<\/p>\n<p>Habits de neige pour les jeunes &#8211; 18<\/p>\n<p>Montagne de jouets \u2013 69 enfants<\/p>\n<p>Paniers alimentaires de No\u00ebl \u2013 26 familles<\/p>\n<p>Campagne de carte de fid\u00e9lit\u00e9 du Magasin g\u00e9n\u00e9ral de Wakefield \u2013 Dons des clients :<\/p>\n<p>5 311,00 $ \/ Don du MGW : 2 500 $, pour un total de 7 811,00 $ !<\/p>\n<p>En plus de nos programmes hivernal, nous soutenons tout au long de l&rsquo;ann\u00e9e les \u00e9coles locales avecleur programmes alimentaires et des fonds vers\u00e9s \u00e0 la banque alimentaire <em>de <\/em>Wakefield. En 2025, nous avons travaill\u00e9 en \u00e9troite collaboration avec la banque alimentaire pour la distribution de paniers de No\u00ebl, car les besoins avaient augment\u00e9 par rapport aux ann\u00e9es pr\u00e9c\u00e9dentes.<\/p>\n<h5>Aide financi\u00e8re 2025<\/h5>\n<p>En 2025, la FSCW a pu fournir pr\u00e8s de 33 500 $ d&rsquo;aide financi\u00e8re \u00e0 des particuliers, des familles, des \u00e9coles et des banques alimentaires locales. En outre, environ 10 200 $ d&rsquo;aide ont \u00e9t\u00e9 fournis via notre compte de carte de fid\u00e9lit\u00e9 du Magasin g\u00e9n\u00e9ral Wakefield.<\/p>\n<p>N&rsquo;oubliez jamais que nous sommes l\u00e0 pour aider les personnes dans le besoin en temps opportun. Tout ce que nous faisons et toutes les personnes avec lesquelles nous travaillons restent strictement confidentiels. Le processus est efficace et chaque membre du conseil d&rsquo;administration s&rsquo;efforce de communiquer avec tact avec tous les demandeurs, afin de les mettre \u00e0 l&rsquo;aise. Le conseil d&rsquo;administration du FSCW est en mesure de r\u00e9pondre rapidement afin d&rsquo;aider \u00e0 soulager les situations d&rsquo;urgence auxquelles sont confront\u00e9es les familles ou les personnes.<\/p>\n<h5>B\u00e9n\u00e9voles<\/h5>\n<p>Au FSCW, nous sommes un petit conseil d&rsquo;administration compos\u00e9 de cinq personnes. Nos b\u00e9n\u00e9voles sont donc essentiels \u00e0 notre succ\u00e8s. Nous tenons \u00e0 remercier certains de nos b\u00e9n\u00e9voles cl\u00e9s qui nous aident chaque ann\u00e9e depuis de nombreuses ann\u00e9es.<\/p>\n<p>Janice Moore et Jacqui Fitzpatrick \u2013 Janice et Jacqui prennent chaque ann\u00e9e les r\u00eanes pour assurer le succ\u00e8s des programmes hivernaux. Elles recrutent chaque ann\u00e9e des b\u00e9n\u00e9voles suppl\u00e9mentaires pour le tri des jouets et nous tenons \u00e0 saluer le d\u00e9vouement de cette \u00e9quipe.<\/p>\n<p>Tim Appleby \u2013 Tim g\u00e8re discr\u00e8tement et avec comp\u00e9tence le site web du FSCW depuis sa cr\u00e9ation. Nous lui sommes tr\u00e8s reconnaissants pour ses connaissances et son d\u00e9vouement.<\/p>\n<p>Barb Cerson \u2013 Barb met ses comp\u00e9tences \u00e0 profit pour aider \u00e0 la comptabilit\u00e9 selon les besoins et est devenue une b\u00e9n\u00e9vole essentielle pour le FSCW.<\/p>\n<p>De nombreuses personnes organisent chaque ann\u00e9e des collectes de fonds dont les recettes sont revers\u00e9es au FSCW. Tout l&rsquo;argent r\u00e9colt\u00e9 lors de ces collectes est utilis\u00e9 au sein de la communaut\u00e9 pour fournir une aide financi\u00e8re ou financer nos programmes d&rsquo;hiver, selon les besoins. Ces personnes et ces groupes d\u00e9vou\u00e9s sont tellement engag\u00e9s envers la communaut\u00e9 que le temps et l&rsquo;\u00e9nergie qu&rsquo;ils consacrent \u00e0 ces \u00e9v\u00e9nements sont consid\u00e9rables, et nous leur sommes extr\u00eamement reconnaissants d&rsquo;avoir choisi le FSCW comme b\u00e9n\u00e9ficiaire.<\/p>\n<p>Gr\u00e2ce \u00e0 tous ces b\u00e9n\u00e9voles, le FSCW a pu maintenir ses frais administratifs \u00e0 moins de 1 % depuis 2009 !<\/p>\n<p>Que votre ann\u00e9e 2026 soit remplie d&rsquo;amour, de rires, d&rsquo;espoir et de paix.<\/p>\n<\/details>\n<details>\n<summary class=\"h4\">Un coup d&rsquo;\u0153il sur 2024<\/summary>\n<p>Il est difficile de croire qu\u2019une autre ann\u00e9e s\u2019est \u00e9coul\u00e9e, et quelle ann\u00e9e !!! Le FSCW souhaite profiter de ce temps pour saluer chaleureusement notre communaut\u00e9 et nos entreprises locales qui soutiennent toujours notre cause.<\/p>\n<p><strong>Les programmes hivernaux du Fonds de secours de la communaut\u00e9 de Wakefield (FSCW) ont connu un \u00e9norme succ\u00e8s<\/strong> et nous aimerions partager quelques chiffres et quelques mentions sp\u00e9cifiques \u00e0 ces programmes dans notre communaut\u00e9.<\/p>\n<p><strong>Collecte d&rsquo;habits de neige :<\/strong> Plus de 30 nouveaux habits de neige ont \u00e9t\u00e9 fournis aux enfants dans le besoin cette ann\u00e9e. Un grand merci \u00e0 <strong>Tigre G\u00e9ant<\/strong> pour son soutien dans cette initiative.<\/p>\n<p><strong>Montagne de jouets :<\/strong> Plus de 80 enfants ont b\u00e9n\u00e9fici\u00e9 de la collecte de jouets. Nous ne remercierons jamais assez le <strong>Low Down to Hull and Back News<\/strong> et <strong>Tigre G\u00e9ant<\/strong> pour leur \u00e9norme soutien de cette initiative. Le Low Down s&rsquo;associe au FSCW pour la Montagne de jouets depuis 2011. Gr\u00e2ce \u00e0 leur publicit\u00e9 et leur promotion d\u00e9di\u00e9es, la sensibilisation au besoin est accrue au cours d&rsquo;une saison o\u00f9 beaucoup pourraient avoir besoin d&rsquo;aide. Tigre G\u00e9ant est \u00e9galement all\u00e9 au-del\u00e0 de nos attentes cette ann\u00e9e, en plus de sa promotion, de sa campagne d\u2019Anges et de ses prix r\u00e9duits sur les jouets, ils ont fait don de 500 $ de jouets.<\/p>\n<p>Nos remerciements tout particuliers vont \u00e0 <strong>Janice Moore<\/strong> et <strong>Jacqui Fitzpatrick<\/strong> qui travaillent tr\u00e8s fort \u00e0 diriger ces deux programmes et elles jouent un r\u00f4le primordial dans le succ\u00e8s de ces campagnes.<\/p>\n<p><strong>La campagne de points du Magasin g\u00e9n\u00e9ral de Wakefield (MGW) :<\/strong> Wow !!! Quelle ann\u00e9e incroyable ! Merci \u00e0 tous ceux qui ont fait don de leurs points avant le 22 d\u00e9cembre, un montant incroyable de 3 976,35 $ a \u00e9t\u00e9 collect\u00e9 gr\u00e2ce \u00e0 cette campagne et le MGW, comme il le fait gracieusement depuis de nombreuses ann\u00e9es, a fait don de 2 500,00 $ suppl\u00e9mentaires. Ces points permettent au FSCW de fournir des fournitures et des produits frais indispensables aux familles locales dans le besoin tout au long de l&rsquo;ann\u00e9e.<\/p>\n<p>En plus de la campagne de points, le FSCW travaille avec le MGW pour pr\u00e9parer des paniers de nourriture de No\u00ebl. En 2024, nous avons pu fournir 22 paniers de nourriture aux membres de la communaut\u00e9 locale ! Nous sommes extr\u00eamement reconnaissants de pouvoir nous associer au MGW dans ces deux initiatives. <strong>Apiverte<\/strong> a \u00e9galement \u00e9t\u00e9 un merveilleux partenaire pour les paniers en faisant don de son miel local cultiv\u00e9 sur place pour ajouter une touche sp\u00e9ciale aux paniers.<\/p>\n<p>Nous tenons \u00e9galement \u00e0 remercier tous les organisateurs des collectes de fonds locales , par ex comme ces derniers mois : le <strong>march\u00e9 de No\u00ebl de Wakefield<\/strong>, les \u00e9v\u00e9nements de collecte de fonds en cours au <strong>Kaffe 1870<\/strong> , l&rsquo;\u00e9v\u00e9nement <strong>Return to the light<\/strong> et le <strong>Carpenters Ball<\/strong>. Nous savons qu&rsquo;il y en a beaucoup d&rsquo;autres tout au long de l&rsquo;ann\u00e9e et nous voulons que tous et chacun sache \u00e0 quel point ces \u00e9v\u00e9nements sont appr\u00e9ci\u00e9s.<\/p>\n<p>Nous ne pourrions tout simplement pas faire ce que nous faisons sans tous les nombreux dons financiers g\u00e9n\u00e9reux que nous recevons de particuliers et d&rsquo;entreprises locales tout au long de l&rsquo;ann\u00e9e. Ces dons nous aident \u00e0 atteindre nos objectifs et \u00e0 maintenir la viabilit\u00e9 du Fonds pour r\u00e9pondre aux besoins imm\u00e9diats.<\/p>\n<p>Enfin, en plus d&rsquo;apporter un soutien financier aux familles et aux particuliers, nous avons pu cette ann\u00e9e encore soutenir le <strong>garde-manger de Wakefield<\/strong> ainsi que compl\u00e9ter les programmes alimentaires scolaires locaux tout au long de l&rsquo;ann\u00e9e. Gr\u00e2ce \u00e0 tout ce qui pr\u00e9c\u00e8de, <strong>en 2024, le FSCW a fourni plus de 45 000 $ d&rsquo;aide financi\u00e8re<\/strong> aux personnes ou aux familles n\u00e9cessitant du support pour donner suite \u00e0 une urgence hors de leur contr\u00f4le, et soutenu nos programmes en cours (cela exclut les points MGW). Avec <strong>un grand total de pr\u00e8s de 320 000 $ depuis 2009<\/strong>.<\/p>\n<p>Bravo \u00e0 vous tous ! \u00c9videmment, ce Fonds appartient \u00e0 la communaut\u00e9, les membres du conseil le g\u00e8re simplement en votre nom.<\/p>\n<p>Que 2025 apporte \u00e0 tous espoir, bonheur et lumi\u00e8re !<\/p>\n<\/details>\n<h2 class=\"mt-3\">Qui \u00eates-vous?<\/h2>\n<p>Vous \u00eates d\u2019abord et avant tout une communaut\u00e9 puissante, artistique et g\u00e9n\u00e9reuse qui appuie les nombreux besoins de vos voisins, familles et amis. Nous l\u2019avons vu maintes et maintes fois au FSCW, et avec vos nombreuses autres manifestations de bienfaisance dans notre petite communaut\u00e9. Vous avez un c\u0153ur qui ne cesse de donner. Nous pouvons toujours compter sur votre g\u00e9n\u00e9rosit\u00e9 et votre support.<\/p>\n<div class=\"col-md-5 offset-md-3 alert alert-info text-center\"><strong>Parce que sans vous, ce fonds n\u2019existerait pas.<\/strong><\/div>\n<h2>Comment nous aider<\/h2>\n<p>Il ya plusieurs fa\u00e7ons que vous pouvez\u00a0<a href=\"\/fr\/faites-un-don\/\">venir en aide<\/a>\u00a0au\u00a0<acronym title=\"Fonds de secours de la communaut\u00e9 de Wakefield\">FSCW<\/acronym>. Pour de plus amples informations, n\u2019h\u00e9sitez pas \u00e0\u00a0<a href=\"\/fr\/contactez-nous\/\">contacter<\/a>\u00a0le FSCW.<\/p>\n<h3 class=\"h4\">Dix bonnes raisons pour lesquelles vous devriez soutenir le FSCW<\/h3>\n<ol>\n<li>Le FSCW s\u2019efforce d\u2019\u00eatre un agent de changement b\u00e9n\u00e9fique dans la vie des gens dans la communaut\u00e9 locale, ainsi que de r\u00e9pondre aux besoins du moment.<\/li>\n<li>Tous les fonds donn\u00e9s au FSCW sont utilis\u00e9s par le FSCW et remis directement au point de besoin urgent.<\/li>\n<li>Le FSCW cherche \u00e0 atteindre les personnes les plus dans le besoin dans notre communaut\u00e9, et ce, sans discrimination sur la base des besoins.<\/li>\n<li>Nous effor\u00e7ons d\u2019\u00eatre transparents et efficaces.<\/li>\n<li>Le FSCW a un statut officiel d\u2019organisme de bienfaisance et\u00a0maintient ses frais administratifs minimes (moins de 1 %.)<\/li>\n<li>Le Fonds ne verse pas d\u2019argent dans les salaires (tous les membres sont des b\u00e9n\u00e9voles.)<\/li>\n<li>M\u00eame si les dons sont accept\u00e9s toute l\u2019ann\u00e9e, le FSCW cherche le soutien des entreprises et de la communaut\u00e9 que deux fois dans l\u2019ann\u00e9e via des grands \u00e9v\u00e9nements sp\u00e9ciaux.<\/li>\n<li>Le FSCW fournit un soutien \u00e0 la communaut\u00e9 locale, dans son ensemble.<\/li>\n<li>Vous pouvez aider les gens dans votre communaut\u00e9 qui ont besoin d\u2019un coup de main.<\/li>\n<li><strong><em>Parce que \u00e7a pourrait \u00eatre vous.<\/em><\/strong><\/li>\n<\/ol>\n<div class=\"col-md-3 offset-md-4\"><a class=\"btn btn-default active\" role=\"button\" href=\"\/fr\/comment-ca-marche\/creez-votre-propre-fonds-de-secours\/\">Cr\u00e9ez votre propre Fonds de secours!<\/a><\/div>\n<h3 class=\"h4\">Les dons non sollicit\u00e9s<\/h3>\n<p>Organisez-vous une f\u00eate ou un \u00e9v\u00e9nement et souhaitez profiter de l\u2019occasion pour amasser des fonds pour le FSCW?\u00a0<a href=\"\/fr\/contactez-nous\/\">Contactez-nous<\/a>\u00a0et nous pouvons vous fournir des brochures d\u2019information et affiches sur les FSCW pour votre \u00e9v\u00e9nement.<\/p>\n<h3 class=\"h4\">B\u00e9n\u00e9voles<\/h3>\n<p>Notre mission est d\u2019all\u00e9ger le fardeau de ceux dans le besoin en mobilisant la puissance du don de la communaut\u00e9 locale. Les b\u00e9n\u00e9voles sont toujours les bienvenues pour aider le conseil pour des projets sp\u00e9ciaux ou pour la planification et l\u2019organisation d\u2019\u00e9v\u00e9nements. Pour vous renseigner sur les possibilit\u00e9s de b\u00e9n\u00e9volat tout simplement\u00a0<a href=\"\/fr\/contactez-nous\/\">communiquer<\/a>\u00a0avec un membre du conseil.<\/p>\n<h3 class=\"h4\">Parrainage\/Partenariat<\/h3>\n<p>Pour discuter de commandites et les possibilit\u00e9s de partenariat s\u2019il vous pla\u00eet communiquer avec un membre du conseil du FSCW.<\/p>\n<ul>\n<li>Un partenariat avec le Fonds de secours de la communaut\u00e9 de Wakefield relie votre entreprise \u00e0 une organisation qui est de plus en plus connue dans la communaut\u00e9 tout en aidant ses r\u00e9sidents en cas d\u2019urgence.<\/li>\n<li>Les entreprises ont la possibilit\u00e9 d\u2019accro\u00eetre leur visibilit\u00e9.<\/li>\n<\/ul>\n<p><\/p>","protected":false},"excerpt":{"rendered":"<p>Tout sur la mission du Fonds de secours de la communaut\u00e9 de Wakefield, son fonctionnement et la fa\u00e7on dont vous pouvez l&rsquo;aider.<\/p>\n","protected":false},"author":1,"featured_media":0,"parent":0,"menu_order":1,"comment_status":"closed","ping_status":"closed","template":"","meta":{"footnotes":""},"class_list":["post-234","page","type-page","status-publish","czr-hentry"],"_links":{"self":[{"href":"https:\/\/wcef-fscw.ca\/fr\/wp-json\/wp\/v2\/pages\/234","targetHints":{"allow":["GET"]}}],"collection":[{"href":"https:\/\/wcef-fscw.ca\/fr\/wp-json\/wp\/v2\/pages"}],"about":[{"href":"https:\/\/wcef-fscw.ca\/fr\/wp-json\/wp\/v2\/types\/page"}],"author":[{"embeddable":true,"href":"https:\/\/wcef-fscw.ca\/fr\/wp-json\/wp\/v2\/users\/1"}],"replies":[{"embeddable":true,"href":"https:\/\/wcef-fscw.ca\/fr\/wp-json\/wp\/v2\/comments?post=234"}],"version-history":[{"count":20,"href":"https:\/\/wcef-fscw.ca\/fr\/wp-json\/wp\/v2\/pages\/234\/revisions"}],"predecessor-version":[{"id":720,"href":"https:\/\/wcef-fscw.ca\/fr\/wp-json\/wp\/v2\/pages\/234\/revisions\/720"}],"wp:attachment":[{"href":"https:\/\/wcef-fscw.ca\/fr\/wp-json\/wp\/v2\/media?parent=234"}],"curies":[{"name":"wp","href":"https:\/\/api.w.org\/{rel}","templated":true}]}}