{"id":217,"date":"2015-08-24T17:52:21","date_gmt":"2015-08-24T21:52:21","guid":{"rendered":"http:\/\/wcef-fscw.ca\/?page_id=217"},"modified":"2023-11-28T16:32:07","modified_gmt":"2023-11-28T21:32:07","slug":"create-your-own-local-emergency-fund","status":"publish","type":"page","link":"https:\/\/wcef-fscw.ca\/fr\/comment-ca-marche\/creez-votre-propre-fonds-de-secours\/","title":{"rendered":"Cr\u00e9ez votre propre Fonds de secours!"},"content":{"rendered":"<p><strong>Voulez-vous faire une r\u00e9elle diff\u00e9rence dans la vie des gens dans votre communaut\u00e9?<\/strong><\/p>\n<p><strong>Cr\u00e9ez votre propre Fonds de secours!<\/strong><\/p>\n<p>Avez-vous song\u00e9 \u00e0 aider votre communaut\u00e9? Voulez-vous faire une diff\u00e9rence r\u00e9elle dans la vie de quelqu&rsquo;un? Avez-vous du temps pour le travail b\u00e9n\u00e9vole sans savoir par o\u00f9 commencer?<\/p>\n<p>Toutes les zones rurales confrontent une r\u00e9duction accrue des services sociaux. Le FSCW travaille en \u00e9troite collaboration avec le personnel du CLSC local (qui font un travail merveilleux) et divers organismes, mais certaines difficult\u00e9s financi\u00e8res ne tombent tout simplement pas dans des petites bo\u00eetes soign\u00e9es tel qu&rsquo;un financement provincial, social, ou via une couverture d&rsquo;assurance.\u00a0 Nous sommes un un organisme de bienfaisance enregistr\u00e9\u00a0\u00a0et avons \u00e9tabli des crit\u00e8res et des processus d\u2019\u00e9valuation ainsi que toute une gamme d&rsquo;outils tels qu&rsquo;\u00e9chantillons de lettres de remerciement et registres financiers.<\/p>\n<p>Nos exp\u00e9riences ont d\u00e9montr\u00e9 que nous ne pouvons tout simplement pas nous permettre de fournir une assistance a toutes les municipalit\u00e9s avoisinantes, et que les collectes de fonds sont plus efficaces quand ells\u00a0sont ax\u00e9es sur le soutien aux besoins locaux.<\/p>\n<p><strong>\u00c0 cet \u00e9gard, si vous souhaitez cr\u00e9er un fonds de secours dans votre communaut\u00e9, nous serons plus qu&rsquo;heureux de partager librement l&rsquo;ensemble de nos connaissances, exp\u00e9riences et nos outils !<\/strong> Pour votre information, en ce qui a trait a l\u2019administration, un tel fonds ne n\u00e9cessite pas un montant exorbitant de ressources, par exemple, depuis 2009 le FSCW fonctionne avec cinq ou moins membres du conseil et quelques b\u00e9n\u00e9voles. Vous pouvez le faire aussi!<\/p>\n<p>Veuillez nous contacter et nous vous aiderons \u00e0 faire une r\u00e9elle diff\u00e9rence dans votre communaut\u00e9!<\/p>","protected":false},"excerpt":{"rendered":"<p>Voulez-vous faire une r\u00e9elle diff\u00e9rence dans la vie des gens dans votre communaut\u00e9? Cr\u00e9ez votre propre Fonds de secours! Avez-vous song\u00e9 \u00e0 aider votre communaut\u00e9? Voulez-vous faire une diff\u00e9rence r\u00e9elle dans la vie de quelqu&rsquo;un? Avez-vous du temps pour le travail b\u00e9n\u00e9vole sans savoir par o\u00f9 commencer? Toutes les zones rurales confrontent une r\u00e9duction accrue [&hellip;]<\/p>\n","protected":false},"author":2,"featured_media":0,"parent":234,"menu_order":0,"comment_status":"open","ping_status":"closed","template":"","meta":{"footnotes":""},"class_list":["post-217","page","type-page","status-publish","czr-hentry"],"_links":{"self":[{"href":"https:\/\/wcef-fscw.ca\/fr\/wp-json\/wp\/v2\/pages\/217","targetHints":{"allow":["GET"]}}],"collection":[{"href":"https:\/\/wcef-fscw.ca\/fr\/wp-json\/wp\/v2\/pages"}],"about":[{"href":"https:\/\/wcef-fscw.ca\/fr\/wp-json\/wp\/v2\/types\/page"}],"author":[{"embeddable":true,"href":"https:\/\/wcef-fscw.ca\/fr\/wp-json\/wp\/v2\/users\/2"}],"replies":[{"embeddable":true,"href":"https:\/\/wcef-fscw.ca\/fr\/wp-json\/wp\/v2\/comments?post=217"}],"version-history":[{"count":1,"href":"https:\/\/wcef-fscw.ca\/fr\/wp-json\/wp\/v2\/pages\/217\/revisions"}],"predecessor-version":[{"id":679,"href":"https:\/\/wcef-fscw.ca\/fr\/wp-json\/wp\/v2\/pages\/217\/revisions\/679"}],"up":[{"embeddable":true,"href":"https:\/\/wcef-fscw.ca\/fr\/wp-json\/wp\/v2\/pages\/234"}],"wp:attachment":[{"href":"https:\/\/wcef-fscw.ca\/fr\/wp-json\/wp\/v2\/media?parent=217"}],"curies":[{"name":"wp","href":"https:\/\/api.w.org\/{rel}","templated":true}]}}