{"id":12,"date":"2013-10-20T14:51:58","date_gmt":"2013-10-20T14:51:58","guid":{"rendered":"http:\/\/wcef-fscw.ca\/?page_id=12"},"modified":"2023-11-29T15:55:18","modified_gmt":"2023-11-29T20:55:18","slug":"who-we-are","status":"publish","type":"page","link":"https:\/\/wcef-fscw.ca\/fr\/","title":{"rendered":"Le Fonds de secours de la communaut\u00e9 de Wakefield"},"content":{"rendered":"<p><\/p>\n<h1>Le Fonds de secours de la communaut\u00e9 de Wakefield<\/h1>\n<p>Les efforts du fonds de secours ont eu un d\u00e9but modeste en 2009. Quelques personnes ont reconnu la bienfaisance de cette petite communaut\u00e9 et organisaient, au besoin, des \u00e9v\u00e9nements afin de venir en aide aux gens confront\u00e9s par des situations d\u2019urgence. Le fonds s&rsquo;est fait connaitre, et le besoin a augment\u00e9. \u00c9ventuellement, les organisateurs ont estim\u00e9 qu&rsquo;un fonds durable \u00e9tait n\u00e9cessaire pour \u00eatre en mesure de fournir une assistance\u00a0<em>imm\u00e9diate<\/em> des n\u00e9cessit\u00e9s de base de la vie,\u00a0aux personnes dans le besoin, et \u00e9viter la fatigue des collectes de fonds. Un Conseil a \u00e9t\u00e9 cr\u00e9\u00e9 avec une mission claire, des valeurs et des crit\u00e8res de financement et le Fonds de secours de la communaut\u00e9 de Wakefield est n\u00e9 de ces efforts en 2009.\u00a0 Gr\u00e2ce \u00e0 la g\u00e9n\u00e9rosit\u00e9 du public et\u00a0des entreprises locales, plus de 30,000 $ sont fourni en assistance aux familles confront\u00e9es par des situations d&rsquo;urgences chaque ann\u00e9e.\u00a0\u00a0Ce soutien, \u00ab\u00a0de vous\u00a0\u00bb la communaut\u00e9, a permis a l&rsquo;organisation d&rsquo;\u00eatre efficace en fournissant un appui\u00a0d&rsquo;urgence rapide et efficace lorsque le besoin s&rsquo;en fait sentir.<\/p>\n<div class=\"col-md-3 float-right my-3\"><a class=\"btn btn-danger btn-lg active\" role=\"button\" href=\"\/fr\/faites-un-don\/\" aria-pressed=\"true\">Faites un don !<\/a><\/div>\n<h2 class=\"h4\">Le Conseil d&rsquo;administration<\/h2>\n<p>Andree Grand-Maitre, Charlie Landreville, Leigh Irvine, Bob Crawford et Gail Vent<\/p>\n<div class=\"clearfix\"><\/div>\n<div class=\"p-3 border border-dark wcef-logo\">\n<h2>Sur le logo<\/h2>\n<div class=\"row\">\n<div class=\"col-lg-4 col-md-4 col-sm-6 bg-white py-2\"><img decoding=\"async\" class=\"img-fluid\" src=\"\/wp-content\/uploads\/2013\/10\/logo-bilingual.jpg\" alt=\"Logo bilingue du Fonds de secours de la communaut\u00e9 de Wakefield\"><\/div>\n<div class=\"col-md-8 col-sm-6\">L&rsquo;art de la courtepointe est aussi vieux que l&rsquo;\u00c9gypte ancienne et, en Europe, on peut faire remonter \u00e0 l&rsquo;\u00e9poque m\u00e9di\u00e9vale. Non seulement cr\u00e9\u00e9 pour la literie, il a \u00e9galement \u00e9t\u00e9 cr\u00e9\u00e9 pour les v\u00eatements afin de fournir chaleur et confort. Chaleur, confort et consolation sont les blocs de construction du Fonds de secours de Communaut\u00e9 de Wakefield, de sorte que le choix de logo a \u00e9t\u00e9 directement inspir\u00e9 non seulement par le bel art de courtepointe mais plus encore, par le symbolisme et le sens profond qui resort de celui-ci. Construit sur le mod\u00e8le carr\u00e9 des courtepointes traditionnelles, le logo int\u00e8gre une atonie W dans le patron. La pirogue de techniques exige que la courtepointe soit tiss\u00e9e de couches li\u00e9es. De m\u00eame, notre communaut\u00e9 se nourrit de ces m\u00eames liens qui nous unissent. Les liens qui ont \u00e9t\u00e9 form\u00e9s pendant des ann\u00e9es sont encore aujourd&rsquo;hui en pleine expansion et se multiplient, renfor\u00e7ant les liens de nos communaut\u00e9s les uns vers les autres.\u00a0\u00a0 Les courtepointes racontent des histoires : des histoires de difficult\u00e9s, des histoires d&rsquo;amour, et sont ces types d&rsquo;histoires qui font que notre communaut\u00e9 est si belle. Re\u00e7ue comme un cadeau, ou transmise de g\u00e9n\u00e9ration en g\u00e9n\u00e9ration, nous ch\u00e9rissons la chose m\u00eame qui nous tient au chaud, mais plus encore nous en prenons soins lorsqu&rsquo;elle en a besoin.\n<\/div>\n<\/div>\n<\/div>\n<p><\/p>","protected":false},"excerpt":{"rendered":"<p>Page d&rsquo;accueil du Fonds de secours de la communaut\u00e9 de Wakefield.<\/p>\n","protected":false},"author":1,"featured_media":0,"parent":0,"menu_order":0,"comment_status":"closed","ping_status":"closed","template":"","meta":{"footnotes":""},"class_list":["post-12","page","type-page","status-publish","czr-hentry"],"_links":{"self":[{"href":"https:\/\/wcef-fscw.ca\/fr\/wp-json\/wp\/v2\/pages\/12","targetHints":{"allow":["GET"]}}],"collection":[{"href":"https:\/\/wcef-fscw.ca\/fr\/wp-json\/wp\/v2\/pages"}],"about":[{"href":"https:\/\/wcef-fscw.ca\/fr\/wp-json\/wp\/v2\/types\/page"}],"author":[{"embeddable":true,"href":"https:\/\/wcef-fscw.ca\/fr\/wp-json\/wp\/v2\/users\/1"}],"replies":[{"embeddable":true,"href":"https:\/\/wcef-fscw.ca\/fr\/wp-json\/wp\/v2\/comments?post=12"}],"version-history":[{"count":4,"href":"https:\/\/wcef-fscw.ca\/fr\/wp-json\/wp\/v2\/pages\/12\/revisions"}],"predecessor-version":[{"id":695,"href":"https:\/\/wcef-fscw.ca\/fr\/wp-json\/wp\/v2\/pages\/12\/revisions\/695"}],"wp:attachment":[{"href":"https:\/\/wcef-fscw.ca\/fr\/wp-json\/wp\/v2\/media?parent=12"}],"curies":[{"name":"wp","href":"https:\/\/api.w.org\/{rel}","templated":true}]}}